{"id":2057,"date":"2017-06-02T17:03:10","date_gmt":"2017-06-02T15:03:10","guid":{"rendered":"http:\/\/www.dizajnetc.com\/?page_id=2057\/"},"modified":"2024-09-26T18:37:57","modified_gmt":"2024-09-26T16:37:57","slug":"news","status":"publish","type":"page","link":"https:\/\/www.dizajnetc.com\/en\/news\/","title":{"rendered":"News"},"content":{"rendered":"<p>Na stranici novosti donosimo redovite objave i korisne informacije iz podru\u010dja gradnje, propisa i na\u0161ih aktivnosti. Nastojimo dati \u0161to vi\u0161e informacija svima koji bi se uklju\u010dili u gradnju ili renovaciju ku\u0107e, poslovne zgrade i sl.<\/p>\n","protected":false},"excerpt":{"rendered":"<p>Na stranici novosti donosimo redovite objave i korisne informacije iz podru\u010dja gradnje, propisa i na\u0161ih aktivnosti. Nastojimo dati \u0161to vi\u0161e informacija svima koji bi se uklju\u010dili u gradnju ili renovaciju ku\u0107e, poslovne zgrade i sl.<\/p>\n","protected":false},"author":1,"featured_media":0,"parent":0,"menu_order":0,"comment_status":"open","ping_status":"open","template":"page-templates\/template-blog-masonry.php","meta":{"_genesis_hide_title":false,"_genesis_hide_breadcrumbs":false,"_genesis_hide_singular_image":false,"_genesis_hide_footer_widgets":false,"_genesis_custom_body_class":"","_genesis_custom_post_class":"","_genesis_layout":"","footnotes":""},"class_list":{"0":"post-2057","1":"page","2":"type-page","3":"status-publish","5":"entry"},"yoast_head":"<!-- This site is optimized with the Yoast SEO plugin v27.4 - https:\/\/yoast.com\/product\/yoast-seo-wordpress\/ -->\n<title>News - Dizajn et cetera<\/title>\n<meta name=\"robots\" content=\"index, follow, max-snippet:-1, max-image-preview:large, max-video-preview:-1\" \/>\n<link rel=\"canonical\" href=\"https:\/\/www.dizajnetc.com\/en\/news\/\" \/>\n<meta property=\"og:locale\" content=\"en_US\" \/>\n<meta property=\"og:type\" content=\"article\" \/>\n<meta property=\"og:title\" content=\"News - Dizajn et cetera\" \/>\n<meta property=\"og:description\" content=\"Na stranici novosti donosimo redovite objave i korisne informacije iz podru\u010dja gradnje, propisa i na\u0161ih aktivnosti. Nastojimo dati \u0161to vi\u0161e informacija svima koji bi se uklju\u010dili u gradnju ili renovaciju ku\u0107e, poslovne zgrade i sl.\" \/>\n<meta property=\"og:url\" content=\"https:\/\/www.dizajnetc.com\/en\/news\/\" \/>\n<meta property=\"og:site_name\" content=\"Dizajn et cetera\" \/>\n<meta property=\"article:publisher\" content=\"https:\/\/www.facebook.com\/DizajnEtCetera\/\" \/>\n<meta property=\"article:modified_time\" content=\"2024-09-26T16:37:57+00:00\" \/>\n<meta name=\"twitter:card\" content=\"summary_large_image\" \/>\n<meta name=\"twitter:site\" content=\"@Dizajnetc\" \/>\n<script type=\"application\/ld+json\" class=\"yoast-schema-graph\">{\"@context\":\"https:\\\/\\\/schema.org\",\"@graph\":[{\"@type\":\"WebPage\",\"@id\":\"https:\\\/\\\/www.dizajnetc.com\\\/en\\\/news\\\/\",\"url\":\"https:\\\/\\\/www.dizajnetc.com\\\/en\\\/news\\\/\",\"name\":\"News - Dizajn et cetera\",\"isPartOf\":{\"@id\":\"https:\\\/\\\/www.dizajnetc.com\\\/#website\"},\"datePublished\":\"2017-06-02T15:03:10+00:00\",\"dateModified\":\"2024-09-26T16:37:57+00:00\",\"breadcrumb\":{\"@id\":\"https:\\\/\\\/www.dizajnetc.com\\\/en\\\/news\\\/#breadcrumb\"},\"inLanguage\":\"en-US\",\"potentialAction\":[{\"@type\":\"ReadAction\",\"target\":[\"https:\\\/\\\/www.dizajnetc.com\\\/en\\\/news\\\/\"]}]},{\"@type\":\"BreadcrumbList\",\"@id\":\"https:\\\/\\\/www.dizajnetc.com\\\/en\\\/news\\\/#breadcrumb\",\"itemListElement\":[{\"@type\":\"ListItem\",\"position\":1,\"name\":\"Po\u010detna stranica\",\"item\":\"https:\\\/\\\/www.dizajnetc.com\\\/\"},{\"@type\":\"ListItem\",\"position\":2,\"name\":\"News\"}]},{\"@type\":\"WebSite\",\"@id\":\"https:\\\/\\\/www.dizajnetc.com\\\/#website\",\"url\":\"https:\\\/\\\/www.dizajnetc.com\\\/\",\"name\":\"Dizajn et cetera arhitekti\",\"description\":\"Arhitektonski ured Zagreb\",\"publisher\":{\"@id\":\"https:\\\/\\\/www.dizajnetc.com\\\/#organization\"},\"potentialAction\":[{\"@type\":\"SearchAction\",\"target\":{\"@type\":\"EntryPoint\",\"urlTemplate\":\"https:\\\/\\\/www.dizajnetc.com\\\/?s={search_term_string}\"},\"query-input\":{\"@type\":\"PropertyValueSpecification\",\"valueRequired\":true,\"valueName\":\"search_term_string\"}}],\"inLanguage\":\"en-US\"},{\"@type\":\"Organization\",\"@id\":\"https:\\\/\\\/www.dizajnetc.com\\\/#organization\",\"name\":\"Dizajn et cetera\",\"url\":\"https:\\\/\\\/www.dizajnetc.com\\\/\",\"logo\":{\"@type\":\"ImageObject\",\"inLanguage\":\"en-US\",\"@id\":\"https:\\\/\\\/www.dizajnetc.com\\\/#\\\/schema\\\/logo\\\/image\\\/\",\"url\":\"https:\\\/\\\/i2.wp.com\\\/www.dizajnetc.com\\\/wp-content\\\/uploads\\\/2014\\\/08\\\/DIZAJN_ETC_logo_rgb_sivo_pozitiv-e1486757656556.png?fit=371%2C160&ssl=1\",\"contentUrl\":\"https:\\\/\\\/i2.wp.com\\\/www.dizajnetc.com\\\/wp-content\\\/uploads\\\/2014\\\/08\\\/DIZAJN_ETC_logo_rgb_sivo_pozitiv-e1486757656556.png?fit=371%2C160&ssl=1\",\"width\":371,\"height\":160,\"caption\":\"Dizajn et cetera\"},\"image\":{\"@id\":\"https:\\\/\\\/www.dizajnetc.com\\\/#\\\/schema\\\/logo\\\/image\\\/\"},\"sameAs\":[\"https:\\\/\\\/www.facebook.com\\\/DizajnEtCetera\\\/\",\"https:\\\/\\\/x.com\\\/Dizajnetc\",\"https:\\\/\\\/www.instagram.com\\\/dizajnetcetera\",\"https:\\\/\\\/www.linkedin.com\\\/in\\\/dizajn-et-cetera-d-o-o-33ba1682\\\/\",\"https:\\\/\\\/www.pinterest.com\\\/dizajnetc\\\/pins\\\/\",\"https:\\\/\\\/www.youtube.com\\\/c\\\/DizajnetceteraArhitektura\"]}]}<\/script>\n<!-- \/ Yoast SEO plugin. -->","yoast_head_json":{"title":"News - Dizajn et cetera","robots":{"index":"index","follow":"follow","max-snippet":"max-snippet:-1","max-image-preview":"max-image-preview:large","max-video-preview":"max-video-preview:-1"},"canonical":"https:\/\/www.dizajnetc.com\/en\/news\/","og_locale":"en_US","og_type":"article","og_title":"News - Dizajn et cetera","og_description":"Na stranici novosti donosimo redovite objave i korisne informacije iz podru\u010dja gradnje, propisa i na\u0161ih aktivnosti. Nastojimo dati \u0161to vi\u0161e informacija svima koji bi se uklju\u010dili u gradnju ili renovaciju ku\u0107e, poslovne zgrade i sl.","og_url":"https:\/\/www.dizajnetc.com\/en\/news\/","og_site_name":"Dizajn et cetera","article_publisher":"https:\/\/www.facebook.com\/DizajnEtCetera\/","article_modified_time":"2024-09-26T16:37:57+00:00","twitter_card":"summary_large_image","twitter_site":"@Dizajnetc","schema":{"@context":"https:\/\/schema.org","@graph":[{"@type":"WebPage","@id":"https:\/\/www.dizajnetc.com\/en\/news\/","url":"https:\/\/www.dizajnetc.com\/en\/news\/","name":"News - Dizajn et cetera","isPartOf":{"@id":"https:\/\/www.dizajnetc.com\/#website"},"datePublished":"2017-06-02T15:03:10+00:00","dateModified":"2024-09-26T16:37:57+00:00","breadcrumb":{"@id":"https:\/\/www.dizajnetc.com\/en\/news\/#breadcrumb"},"inLanguage":"en-US","potentialAction":[{"@type":"ReadAction","target":["https:\/\/www.dizajnetc.com\/en\/news\/"]}]},{"@type":"BreadcrumbList","@id":"https:\/\/www.dizajnetc.com\/en\/news\/#breadcrumb","itemListElement":[{"@type":"ListItem","position":1,"name":"Po\u010detna stranica","item":"https:\/\/www.dizajnetc.com\/"},{"@type":"ListItem","position":2,"name":"News"}]},{"@type":"WebSite","@id":"https:\/\/www.dizajnetc.com\/#website","url":"https:\/\/www.dizajnetc.com\/","name":"Dizajn et cetera arhitekti","description":"Arhitektonski ured Zagreb","publisher":{"@id":"https:\/\/www.dizajnetc.com\/#organization"},"potentialAction":[{"@type":"SearchAction","target":{"@type":"EntryPoint","urlTemplate":"https:\/\/www.dizajnetc.com\/?s={search_term_string}"},"query-input":{"@type":"PropertyValueSpecification","valueRequired":true,"valueName":"search_term_string"}}],"inLanguage":"en-US"},{"@type":"Organization","@id":"https:\/\/www.dizajnetc.com\/#organization","name":"Dizajn et cetera","url":"https:\/\/www.dizajnetc.com\/","logo":{"@type":"ImageObject","inLanguage":"en-US","@id":"https:\/\/www.dizajnetc.com\/#\/schema\/logo\/image\/","url":"https:\/\/i2.wp.com\/www.dizajnetc.com\/wp-content\/uploads\/2014\/08\/DIZAJN_ETC_logo_rgb_sivo_pozitiv-e1486757656556.png?fit=371%2C160&ssl=1","contentUrl":"https:\/\/i2.wp.com\/www.dizajnetc.com\/wp-content\/uploads\/2014\/08\/DIZAJN_ETC_logo_rgb_sivo_pozitiv-e1486757656556.png?fit=371%2C160&ssl=1","width":371,"height":160,"caption":"Dizajn et cetera"},"image":{"@id":"https:\/\/www.dizajnetc.com\/#\/schema\/logo\/image\/"},"sameAs":["https:\/\/www.facebook.com\/DizajnEtCetera\/","https:\/\/x.com\/Dizajnetc","https:\/\/www.instagram.com\/dizajnetcetera","https:\/\/www.linkedin.com\/in\/dizajn-et-cetera-d-o-o-33ba1682\/","https:\/\/www.pinterest.com\/dizajnetc\/pins\/","https:\/\/www.youtube.com\/c\/DizajnetceteraArhitektura"]}]}},"jetpack_shortlink":"https:\/\/wp.me\/P4ncyY-xb","jetpack-related-posts":[],"jetpack_sharing_enabled":true,"_links":{"self":[{"href":"https:\/\/www.dizajnetc.com\/en\/wp-json\/wp\/v2\/pages\/2057\/"}],"collection":[{"href":"https:\/\/www.dizajnetc.com\/en\/wp-json\/wp\/v2\/pages\/"}],"about":[{"href":"https:\/\/www.dizajnetc.com\/en\/wp-json\/wp\/v2\/types\/page\/"}],"author":[{"embeddable":true,"href":"https:\/\/www.dizajnetc.com\/en\/wp-json\/wp\/v2\/users\/1\/"}],"replies":[{"embeddable":true,"href":"https:\/\/www.dizajnetc.com\/en\/wp-json\/wp\/v2\/comments\/?post=2057"}],"version-history":[{"count":2,"href":"https:\/\/www.dizajnetc.com\/en\/wp-json\/wp\/v2\/pages\/2057\/revisions\/"}],"predecessor-version":[{"id":13304,"href":"https:\/\/www.dizajnetc.com\/en\/wp-json\/wp\/v2\/pages\/2057\/revisions\/13304\/"}],"wp:attachment":[{"href":"https:\/\/www.dizajnetc.com\/en\/wp-json\/wp\/v2\/media\/?parent=2057"}],"curies":[{"name":"wp","href":"https:\/\/api.w.org\/{rel}","templated":true}]}}