{"id":2789,"date":"2018-07-17T13:22:21","date_gmt":"2018-07-17T11:22:21","guid":{"rendered":"http:\/\/www.dizajnetc.com\/?page_id=2789"},"modified":"2022-11-18T00:36:45","modified_gmt":"2022-11-17T23:36:45","slug":"references","status":"publish","type":"page","link":"https:\/\/www.dizajnetc.com\/en\/references\/","title":{"rendered":"REFERENCES"},"content":{"rendered":"<p>In recent years we have realized a large number of projects for many private investors.<br \/>\nWhen it comes to the companies we&#8217;ve been working with or with which we continue to work successfully, we would distinguish the following:<\/p>\n<p><strong>Rimac Automobiles<\/strong> (project of restaurant for employees)<br \/>\n<strong>Turkish Airlines<\/strong> (interior of business premises)<br \/>\n<strong>Duspara gradnja<\/strong>\u00a0(residential buildings)<br \/>\n<strong>Scott Bader<\/strong> (administrative building)<br \/>\n<strong>Novi kvadrat<\/strong> (residential buildings)<br \/>\n<strong>Invest gamma<\/strong> (housing and tourism)<br \/>\n<strong>Samsung<\/strong> (Samsung Brand Shop Arena Center)<br \/>\n<strong>Robni\u00a0Terminali Zagreb<\/strong> (Terminal \u017ditnjak)<br \/>\n<strong>The\u00a0Municipality of Hum na Sutli<\/strong> (interior)<br \/>\n<strong>Vetropak Stra\u017ea<\/strong> (administrative building)<br \/>\n<strong>Ladonja<\/strong> (residential buildings)<br \/>\n<strong>Hotel Grand<\/strong> (villas for tourism)<br \/>\n<strong>Faculty of textile technology &#8211; Zagreb<\/strong> (energy efficiency retrofit)<br \/>\n<b>Formapurus <\/b>(projects for commercial billboards on high buildings and totems), Production facility and administrative building project.<br \/>\n<strong style=\"font-size: revert; color: initial;\">Go 2 Digital <\/strong>(projects for digital billboards)\u00a0<strong style=\"font-size: revert; color: initial;\"><br \/>\n<\/strong><strong>ASO Gibal <\/strong>(residential buildings)<br \/>\n<strong>MS Development <\/strong>(interior design, family houses)<strong><br \/>\nStudio Exago<\/strong> (holiday homes in Li\u017enjan, Istra)<br \/>\n<strong>Voda Mati\u0107<\/strong> (production facility and administrative building)<br \/>\n<strong>Aluterm Orebi\u0107<\/strong> (production hall and administrative building)<br \/>\n<strong>Institute of geology and petroleum engineering<\/strong> (building retrofit)<br \/>\n<strong>Axess AG<\/strong> (office building)<br \/>\n<a href=\"http:\/\/www.dizajnetc.com\/en\/contact\/\" target=\"_blank\" rel=\"noopener noreferrer\">You \ud83d\ude42<\/a><\/p>\n","protected":false},"excerpt":{"rendered":"<p>In recent years we have realized a large number of projects for many private investors. When it comes to the companies we&#8217;ve been working with or with which we continue to work successfully, we would distinguish the following: Rimac Automobiles (project of restaurant for employees) Turkish Airlines (interior of business premises) Duspara gradnja\u00a0(residential buildings) Scott&#8230;<\/p>\n<p class=\"more-link-wrap\"><a class=\"more-link\" href=\"https:\/\/www.dizajnetc.com\/en\/references\/\">Read More<\/a><\/p>\n","protected":false},"author":1,"featured_media":0,"parent":0,"menu_order":0,"comment_status":"closed","ping_status":"closed","template":"","meta":{"_genesis_hide_title":false,"_genesis_hide_breadcrumbs":false,"_genesis_hide_singular_image":false,"_genesis_hide_footer_widgets":false,"_genesis_custom_body_class":"","_genesis_custom_post_class":"","_genesis_layout":"","footnotes":""},"class_list":{"0":"post-2789","1":"page","2":"type-page","3":"status-publish","5":"entry"},"yoast_head":"<!-- This site is optimized with the Yoast SEO plugin v27.4 - https:\/\/yoast.com\/product\/yoast-seo-wordpress\/ -->\n<title>REFERENCES - Dizajn et cetera architects, Croatia<\/title>\n<meta name=\"description\" content=\"List of companies we were successfully working with. From Rimac, Turkish airlines, Samsung to many residential building developers and private investors\" \/>\n<meta name=\"robots\" content=\"index, follow, max-snippet:-1, max-image-preview:large, max-video-preview:-1\" \/>\n<link rel=\"canonical\" href=\"https:\/\/www.dizajnetc.com\/en\/references\/\" \/>\n<meta property=\"og:locale\" content=\"en_US\" \/>\n<meta property=\"og:type\" content=\"article\" \/>\n<meta property=\"og:title\" content=\"REFERENCES - Dizajn et cetera architects, Croatia\" \/>\n<meta property=\"og:description\" content=\"List of companies we were successfully working with. From Rimac, Turkish airlines, Samsung to many residential building developers and private investors\" \/>\n<meta property=\"og:url\" content=\"https:\/\/www.dizajnetc.com\/en\/references\/\" \/>\n<meta property=\"og:site_name\" content=\"Dizajn et cetera\" \/>\n<meta property=\"article:publisher\" content=\"https:\/\/www.facebook.com\/DizajnEtCetera\/\" \/>\n<meta property=\"article:modified_time\" content=\"2022-11-17T23:36:45+00:00\" \/>\n<meta name=\"twitter:card\" content=\"summary_large_image\" \/>\n<meta name=\"twitter:site\" content=\"@Dizajnetc\" \/>\n<meta name=\"twitter:label1\" content=\"Est. reading time\" \/>\n\t<meta name=\"twitter:data1\" content=\"1 minute\" \/>\n<script type=\"application\/ld+json\" class=\"yoast-schema-graph\">{\"@context\":\"https:\\\/\\\/schema.org\",\"@graph\":[{\"@type\":\"WebPage\",\"@id\":\"https:\\\/\\\/www.dizajnetc.com\\\/en\\\/references\\\/\",\"url\":\"https:\\\/\\\/www.dizajnetc.com\\\/en\\\/references\\\/\",\"name\":\"REFERENCES - Dizajn et cetera architects, Croatia\",\"isPartOf\":{\"@id\":\"https:\\\/\\\/www.dizajnetc.com\\\/#website\"},\"datePublished\":\"2018-07-17T11:22:21+00:00\",\"dateModified\":\"2022-11-17T23:36:45+00:00\",\"description\":\"List of companies we were successfully working with. From Rimac, Turkish airlines, Samsung to many residential building developers and private investors\",\"breadcrumb\":{\"@id\":\"https:\\\/\\\/www.dizajnetc.com\\\/en\\\/references\\\/#breadcrumb\"},\"inLanguage\":\"en-US\",\"potentialAction\":[{\"@type\":\"ReadAction\",\"target\":[\"https:\\\/\\\/www.dizajnetc.com\\\/en\\\/references\\\/\"]}]},{\"@type\":\"BreadcrumbList\",\"@id\":\"https:\\\/\\\/www.dizajnetc.com\\\/en\\\/references\\\/#breadcrumb\",\"itemListElement\":[{\"@type\":\"ListItem\",\"position\":1,\"name\":\"Po\u010detna stranica\",\"item\":\"https:\\\/\\\/www.dizajnetc.com\\\/\"},{\"@type\":\"ListItem\",\"position\":2,\"name\":\"REFERENCES\"}]},{\"@type\":\"WebSite\",\"@id\":\"https:\\\/\\\/www.dizajnetc.com\\\/#website\",\"url\":\"https:\\\/\\\/www.dizajnetc.com\\\/\",\"name\":\"Dizajn et cetera arhitekti\",\"description\":\"Arhitektonski ured Zagreb\",\"publisher\":{\"@id\":\"https:\\\/\\\/www.dizajnetc.com\\\/#organization\"},\"potentialAction\":[{\"@type\":\"SearchAction\",\"target\":{\"@type\":\"EntryPoint\",\"urlTemplate\":\"https:\\\/\\\/www.dizajnetc.com\\\/?s={search_term_string}\"},\"query-input\":{\"@type\":\"PropertyValueSpecification\",\"valueRequired\":true,\"valueName\":\"search_term_string\"}}],\"inLanguage\":\"en-US\"},{\"@type\":\"Organization\",\"@id\":\"https:\\\/\\\/www.dizajnetc.com\\\/#organization\",\"name\":\"Dizajn et cetera\",\"url\":\"https:\\\/\\\/www.dizajnetc.com\\\/\",\"logo\":{\"@type\":\"ImageObject\",\"inLanguage\":\"en-US\",\"@id\":\"https:\\\/\\\/www.dizajnetc.com\\\/#\\\/schema\\\/logo\\\/image\\\/\",\"url\":\"https:\\\/\\\/i2.wp.com\\\/www.dizajnetc.com\\\/wp-content\\\/uploads\\\/2014\\\/08\\\/DIZAJN_ETC_logo_rgb_sivo_pozitiv-e1486757656556.png?fit=371%2C160&ssl=1\",\"contentUrl\":\"https:\\\/\\\/i2.wp.com\\\/www.dizajnetc.com\\\/wp-content\\\/uploads\\\/2014\\\/08\\\/DIZAJN_ETC_logo_rgb_sivo_pozitiv-e1486757656556.png?fit=371%2C160&ssl=1\",\"width\":371,\"height\":160,\"caption\":\"Dizajn et cetera\"},\"image\":{\"@id\":\"https:\\\/\\\/www.dizajnetc.com\\\/#\\\/schema\\\/logo\\\/image\\\/\"},\"sameAs\":[\"https:\\\/\\\/www.facebook.com\\\/DizajnEtCetera\\\/\",\"https:\\\/\\\/x.com\\\/Dizajnetc\",\"https:\\\/\\\/www.instagram.com\\\/dizajnetcetera\",\"https:\\\/\\\/www.linkedin.com\\\/in\\\/dizajn-et-cetera-d-o-o-33ba1682\\\/\",\"https:\\\/\\\/www.pinterest.com\\\/dizajnetc\\\/pins\\\/\",\"https:\\\/\\\/www.youtube.com\\\/c\\\/DizajnetceteraArhitektura\"]}]}<\/script>\n<!-- \/ Yoast SEO plugin. -->","yoast_head_json":{"title":"REFERENCES - Dizajn et cetera architects, Croatia","description":"List of companies we were successfully working with. From Rimac, Turkish airlines, Samsung to many residential building developers and private investors","robots":{"index":"index","follow":"follow","max-snippet":"max-snippet:-1","max-image-preview":"max-image-preview:large","max-video-preview":"max-video-preview:-1"},"canonical":"https:\/\/www.dizajnetc.com\/en\/references\/","og_locale":"en_US","og_type":"article","og_title":"REFERENCES - Dizajn et cetera architects, Croatia","og_description":"List of companies we were successfully working with. From Rimac, Turkish airlines, Samsung to many residential building developers and private investors","og_url":"https:\/\/www.dizajnetc.com\/en\/references\/","og_site_name":"Dizajn et cetera","article_publisher":"https:\/\/www.facebook.com\/DizajnEtCetera\/","article_modified_time":"2022-11-17T23:36:45+00:00","twitter_card":"summary_large_image","twitter_site":"@Dizajnetc","twitter_misc":{"Est. reading time":"1 minute"},"schema":{"@context":"https:\/\/schema.org","@graph":[{"@type":"WebPage","@id":"https:\/\/www.dizajnetc.com\/en\/references\/","url":"https:\/\/www.dizajnetc.com\/en\/references\/","name":"REFERENCES - Dizajn et cetera architects, Croatia","isPartOf":{"@id":"https:\/\/www.dizajnetc.com\/#website"},"datePublished":"2018-07-17T11:22:21+00:00","dateModified":"2022-11-17T23:36:45+00:00","description":"List of companies we were successfully working with. From Rimac, Turkish airlines, Samsung to many residential building developers and private investors","breadcrumb":{"@id":"https:\/\/www.dizajnetc.com\/en\/references\/#breadcrumb"},"inLanguage":"en-US","potentialAction":[{"@type":"ReadAction","target":["https:\/\/www.dizajnetc.com\/en\/references\/"]}]},{"@type":"BreadcrumbList","@id":"https:\/\/www.dizajnetc.com\/en\/references\/#breadcrumb","itemListElement":[{"@type":"ListItem","position":1,"name":"Po\u010detna stranica","item":"https:\/\/www.dizajnetc.com\/"},{"@type":"ListItem","position":2,"name":"REFERENCES"}]},{"@type":"WebSite","@id":"https:\/\/www.dizajnetc.com\/#website","url":"https:\/\/www.dizajnetc.com\/","name":"Dizajn et cetera arhitekti","description":"Arhitektonski ured Zagreb","publisher":{"@id":"https:\/\/www.dizajnetc.com\/#organization"},"potentialAction":[{"@type":"SearchAction","target":{"@type":"EntryPoint","urlTemplate":"https:\/\/www.dizajnetc.com\/?s={search_term_string}"},"query-input":{"@type":"PropertyValueSpecification","valueRequired":true,"valueName":"search_term_string"}}],"inLanguage":"en-US"},{"@type":"Organization","@id":"https:\/\/www.dizajnetc.com\/#organization","name":"Dizajn et cetera","url":"https:\/\/www.dizajnetc.com\/","logo":{"@type":"ImageObject","inLanguage":"en-US","@id":"https:\/\/www.dizajnetc.com\/#\/schema\/logo\/image\/","url":"https:\/\/i2.wp.com\/www.dizajnetc.com\/wp-content\/uploads\/2014\/08\/DIZAJN_ETC_logo_rgb_sivo_pozitiv-e1486757656556.png?fit=371%2C160&ssl=1","contentUrl":"https:\/\/i2.wp.com\/www.dizajnetc.com\/wp-content\/uploads\/2014\/08\/DIZAJN_ETC_logo_rgb_sivo_pozitiv-e1486757656556.png?fit=371%2C160&ssl=1","width":371,"height":160,"caption":"Dizajn et cetera"},"image":{"@id":"https:\/\/www.dizajnetc.com\/#\/schema\/logo\/image\/"},"sameAs":["https:\/\/www.facebook.com\/DizajnEtCetera\/","https:\/\/x.com\/Dizajnetc","https:\/\/www.instagram.com\/dizajnetcetera","https:\/\/www.linkedin.com\/in\/dizajn-et-cetera-d-o-o-33ba1682\/","https:\/\/www.pinterest.com\/dizajnetc\/pins\/","https:\/\/www.youtube.com\/c\/DizajnetceteraArhitektura"]}]}},"jetpack_shortlink":"https:\/\/wp.me\/P4ncyY-IZ","jetpack-related-posts":[{"id":2026,"url":"https:\/\/www.dizajnetc.com\/en\/about\/","url_meta":{"origin":2789,"position":0},"title":"About us","author":"Dizajnetc","date":"01.06.2017.","format":false,"excerpt":"Few words of introduction.. Dizajn et cetera Ltd. is a Croatian architectural studio established in 2008. It employs a team of award-winning architects in their most creative and productive ages, with extensive experience in the fields of design, supervision and architectural consulting. If \u201cDizajn\u201d means architectural design, then \"et cetera\"\u2026","rel":"","context":"Similar post","block_context":{"text":"Similar post","link":""},"img":{"alt_text":"Dizajn et cetera arhitekti","src":"https:\/\/i0.wp.com\/www.dizajnetc.com\/wp-content\/uploads\/2015\/08\/grupna-izbliza-e1469178020209.jpg?fit=1000%2C540&ssl=1&resize=350%2C200","width":350,"height":200,"srcset":"https:\/\/i0.wp.com\/www.dizajnetc.com\/wp-content\/uploads\/2015\/08\/grupna-izbliza-e1469178020209.jpg?fit=1000%2C540&ssl=1&resize=350%2C200 1x, https:\/\/i0.wp.com\/www.dizajnetc.com\/wp-content\/uploads\/2015\/08\/grupna-izbliza-e1469178020209.jpg?fit=1000%2C540&ssl=1&resize=525%2C300 1.5x, https:\/\/i0.wp.com\/www.dizajnetc.com\/wp-content\/uploads\/2015\/08\/grupna-izbliza-e1469178020209.jpg?fit=1000%2C540&ssl=1&resize=700%2C400 2x"},"classes":[]},{"id":2036,"url":"https:\/\/www.dizajnetc.com\/en\/buildings\/","url_meta":{"origin":2789,"position":1},"title":"Residential and commercial buildings","author":"Dizajnetc","date":"02.06.2017.","format":false,"excerpt":"Large projects of residential and commercial buildings. See our portfolio","rel":"","context":"Similar post","block_context":{"text":"Similar post","link":""},"img":{"alt_text":"Stambena zgrada na Male\u0161nici","src":"https:\/\/i0.wp.com\/www.dizajnetc.com\/wp-content\/uploads\/2016\/08\/170516_Malesnica1_AS-Medium.jpg?fit=1200%2C674&ssl=1&resize=350%2C200","width":350,"height":200,"srcset":"https:\/\/i0.wp.com\/www.dizajnetc.com\/wp-content\/uploads\/2016\/08\/170516_Malesnica1_AS-Medium.jpg?fit=1200%2C674&ssl=1&resize=350%2C200 1x, https:\/\/i0.wp.com\/www.dizajnetc.com\/wp-content\/uploads\/2016\/08\/170516_Malesnica1_AS-Medium.jpg?fit=1200%2C674&ssl=1&resize=525%2C300 1.5x, https:\/\/i0.wp.com\/www.dizajnetc.com\/wp-content\/uploads\/2016\/08\/170516_Malesnica1_AS-Medium.jpg?fit=1200%2C674&ssl=1&resize=700%2C400 2x, https:\/\/i0.wp.com\/www.dizajnetc.com\/wp-content\/uploads\/2016\/08\/170516_Malesnica1_AS-Medium.jpg?fit=1200%2C674&ssl=1&resize=1050%2C600 3x"},"classes":[]},{"id":2034,"url":"https:\/\/www.dizajnetc.com\/en\/interior\/","url_meta":{"origin":2789,"position":2},"title":"Interior design","author":"Dizajnetc","date":"02.06.2017.","format":false,"excerpt":"Interior design and home improvement. Flats, holiday apartments, modern offices.\u00a0Portfolio","rel":"","context":"Similar post","block_context":{"text":"Similar post","link":""},"img":{"alt_text":"Zagreb center interior design","src":"https:\/\/i0.wp.com\/www.dizajnetc.com\/wp-content\/uploads\/2015\/11\/Stan-e1447760901917.jpg?fit=1200%2C600&ssl=1&resize=350%2C200","width":350,"height":200,"srcset":"https:\/\/i0.wp.com\/www.dizajnetc.com\/wp-content\/uploads\/2015\/11\/Stan-e1447760901917.jpg?fit=1200%2C600&ssl=1&resize=350%2C200 1x, https:\/\/i0.wp.com\/www.dizajnetc.com\/wp-content\/uploads\/2015\/11\/Stan-e1447760901917.jpg?fit=1200%2C600&ssl=1&resize=525%2C300 1.5x, https:\/\/i0.wp.com\/www.dizajnetc.com\/wp-content\/uploads\/2015\/11\/Stan-e1447760901917.jpg?fit=1200%2C600&ssl=1&resize=700%2C400 2x, https:\/\/i0.wp.com\/www.dizajnetc.com\/wp-content\/uploads\/2015\/11\/Stan-e1447760901917.jpg?fit=1200%2C600&ssl=1&resize=1050%2C600 3x"},"classes":[]},{"id":1029,"url":"https:\/\/www.dizajnetc.com\/interijeri\/","url_meta":{"origin":2789,"position":3},"title":"Interijeri","author":"Dizajnetc","date":"12.07.2016.","format":false,"excerpt":"Projekti interijera stanova i poslovnih prostora. Portfolio izvedenih\u00a0radova","rel":"","context":"Similar post","block_context":{"text":"Similar post","link":""},"img":{"alt_text":"Zagreb center interior design","src":"https:\/\/i0.wp.com\/www.dizajnetc.com\/wp-content\/uploads\/2015\/11\/Stan-e1447760901917.jpg?fit=1200%2C600&ssl=1&resize=350%2C200","width":350,"height":200,"srcset":"https:\/\/i0.wp.com\/www.dizajnetc.com\/wp-content\/uploads\/2015\/11\/Stan-e1447760901917.jpg?fit=1200%2C600&ssl=1&resize=350%2C200 1x, https:\/\/i0.wp.com\/www.dizajnetc.com\/wp-content\/uploads\/2015\/11\/Stan-e1447760901917.jpg?fit=1200%2C600&ssl=1&resize=525%2C300 1.5x, https:\/\/i0.wp.com\/www.dizajnetc.com\/wp-content\/uploads\/2015\/11\/Stan-e1447760901917.jpg?fit=1200%2C600&ssl=1&resize=700%2C400 2x, https:\/\/i0.wp.com\/www.dizajnetc.com\/wp-content\/uploads\/2015\/11\/Stan-e1447760901917.jpg?fit=1200%2C600&ssl=1&resize=1050%2C600 3x"},"classes":[]},{"id":2780,"url":"https:\/\/www.dizajnetc.com\/reference\/","url_meta":{"origin":2789,"position":4},"title":"Reference","author":"Dizajnetc","date":"17.07.2018.","format":false,"excerpt":"Posljednjih\u00a0godina, realizirali\u00a0smo\u00a0velik broj projekata zgrada i interijera za mnoge privatne naru\u010dioce. Kada je pak rije\u010d o nekim na\u0161im i stranim uglednim tvrtkama s kojma smo radili ili s kojima i dalje uspje\u0161no sura\u0111ujemo, izdvojili bi sljede\u0107e: Turkish airlines (interijer poslovnog prostora) Rimac automobili (projekt restorana za djelatnike) Duspara gradnja (stambene\u2026","rel":"","context":"Similar post","block_context":{"text":"Similar post","link":""},"img":{"alt_text":"","src":"","width":0,"height":0},"classes":[]},{"id":59,"url":"https:\/\/www.dizajnetc.com\/kontakt\/","url_meta":{"origin":2789,"position":5},"title":"Kontakt","author":"Dizajnetc","date":"15.02.2014.","format":false,"excerpt":"Dizajn et cetera d.o.o. Ured Zagreb:Biankinijeva 9, 2.kat10 000 Zagreb,tel: 01-7789-524fax: 01-8897-596 Ured Makarska:Slikara Gojaka 27, 21300 Makarska \u00a0","rel":"","context":"Similar post","block_context":{"text":"Similar post","link":""},"img":{"alt_text":"","src":"","width":0,"height":0},"classes":[]}],"jetpack_sharing_enabled":true,"_links":{"self":[{"href":"https:\/\/www.dizajnetc.com\/en\/wp-json\/wp\/v2\/pages\/2789\/"}],"collection":[{"href":"https:\/\/www.dizajnetc.com\/en\/wp-json\/wp\/v2\/pages\/"}],"about":[{"href":"https:\/\/www.dizajnetc.com\/en\/wp-json\/wp\/v2\/types\/page\/"}],"author":[{"embeddable":true,"href":"https:\/\/www.dizajnetc.com\/en\/wp-json\/wp\/v2\/users\/1\/"}],"replies":[{"embeddable":true,"href":"https:\/\/www.dizajnetc.com\/en\/wp-json\/wp\/v2\/comments\/?post=2789"}],"version-history":[{"count":12,"href":"https:\/\/www.dizajnetc.com\/en\/wp-json\/wp\/v2\/pages\/2789\/revisions\/"}],"predecessor-version":[{"id":9067,"href":"https:\/\/www.dizajnetc.com\/en\/wp-json\/wp\/v2\/pages\/2789\/revisions\/9067\/"}],"wp:attachment":[{"href":"https:\/\/www.dizajnetc.com\/en\/wp-json\/wp\/v2\/media\/?parent=2789"}],"curies":[{"name":"wp","href":"https:\/\/api.w.org\/{rel}","templated":true}]}}